{"id":966,"date":"2022-04-26T17:23:02","date_gmt":"2022-04-26T20:23:02","guid":{"rendered":"https:\/\/tiendaraices.com.ar\/?post_type=product&#038;p=966"},"modified":"2025-06-09T09:17:19","modified_gmt":"2025-06-09T12:17:19","slug":"juego-de-arco-y-flecha-grande","status":"publish","type":"product","link":"https:\/\/tiendaraices.com.ar\/?product=juego-de-arco-y-flecha-grande","title":{"rendered":"Juego de Arco y flecha grande"},"content":{"rendered":"","protected":false},"excerpt":{"rendered":"<p>Este tama\u00f1o es ideal para ni\u00f1os a partir de los 7 a\u00f1os.<br \/>\n38cm<\/p>\n","protected":false},"featured_media":960,"template":"","meta":[],"product_cat":[18],"product_tag":[],"class_list":{"0":"post-966","1":"product","2":"type-product","3":"status-publish","4":"has-post-thumbnail","6":"product_cat-madera","8":"first","9":"outofstock","10":"featured","11":"sold-individually","12":"shipping-taxable","13":"purchasable","14":"product-type-simple"},"_links":{"self":[{"href":"https:\/\/tiendaraices.com.ar\/index.php?rest_route=\/wp\/v2\/product\/966","targetHints":{"allow":["GET"]}}],"collection":[{"href":"https:\/\/tiendaraices.com.ar\/index.php?rest_route=\/wp\/v2\/product"}],"about":[{"href":"https:\/\/tiendaraices.com.ar\/index.php?rest_route=\/wp\/v2\/types\/product"}],"wp:featuredmedia":[{"embeddable":true,"href":"https:\/\/tiendaraices.com.ar\/index.php?rest_route=\/wp\/v2\/media\/960"}],"wp:attachment":[{"href":"https:\/\/tiendaraices.com.ar\/index.php?rest_route=%2Fwp%2Fv2%2Fmedia&parent=966"}],"wp:term":[{"taxonomy":"product_cat","embeddable":true,"href":"https:\/\/tiendaraices.com.ar\/index.php?rest_route=%2Fwp%2Fv2%2Fproduct_cat&post=966"},{"taxonomy":"product_tag","embeddable":true,"href":"https:\/\/tiendaraices.com.ar\/index.php?rest_route=%2Fwp%2Fv2%2Fproduct_tag&post=966"}],"curies":[{"name":"wp","href":"https:\/\/api.w.org\/{rel}","templated":true}]}}