{"id":959,"date":"2022-04-18T15:28:07","date_gmt":"2022-04-18T18:28:07","guid":{"rendered":"https:\/\/tiendaraices.com.ar\/?post_type=product&#038;p=959"},"modified":"2025-11-17T15:32:20","modified_gmt":"2025-11-17T18:32:20","slug":"juego-de-arco-y-flecha-chico","status":"publish","type":"product","link":"https:\/\/tiendaraices.com.ar\/?product=juego-de-arco-y-flecha-chico","title":{"rendered":"Juego de Arco y flecha chico"},"content":{"rendered":"","protected":false},"excerpt":{"rendered":"<p>Este tama\u00f1o es ideal para ni\u00f1os a partir de los 4 a\u00f1os<br \/>\n30cm<\/p>\n","protected":false},"featured_media":960,"template":"","meta":[],"product_cat":[18],"product_tag":[],"class_list":{"0":"post-959","1":"product","2":"type-product","3":"status-publish","4":"has-post-thumbnail","6":"product_cat-madera","8":"first","9":"outofstock","10":"featured","11":"sold-individually","12":"shipping-taxable","13":"purchasable","14":"product-type-simple"},"_links":{"self":[{"href":"https:\/\/tiendaraices.com.ar\/index.php?rest_route=\/wp\/v2\/product\/959","targetHints":{"allow":["GET"]}}],"collection":[{"href":"https:\/\/tiendaraices.com.ar\/index.php?rest_route=\/wp\/v2\/product"}],"about":[{"href":"https:\/\/tiendaraices.com.ar\/index.php?rest_route=\/wp\/v2\/types\/product"}],"wp:featuredmedia":[{"embeddable":true,"href":"https:\/\/tiendaraices.com.ar\/index.php?rest_route=\/wp\/v2\/media\/960"}],"wp:attachment":[{"href":"https:\/\/tiendaraices.com.ar\/index.php?rest_route=%2Fwp%2Fv2%2Fmedia&parent=959"}],"wp:term":[{"taxonomy":"product_cat","embeddable":true,"href":"https:\/\/tiendaraices.com.ar\/index.php?rest_route=%2Fwp%2Fv2%2Fproduct_cat&post=959"},{"taxonomy":"product_tag","embeddable":true,"href":"https:\/\/tiendaraices.com.ar\/index.php?rest_route=%2Fwp%2Fv2%2Fproduct_tag&post=959"}],"curies":[{"name":"wp","href":"https:\/\/api.w.org\/{rel}","templated":true}]}}