{"id":867,"date":"2021-11-06T07:39:11","date_gmt":"2021-11-06T10:39:11","guid":{"rendered":"https:\/\/tiendaraices.com.ar\/?post_type=product&#038;p=867"},"modified":"2024-04-22T10:11:25","modified_gmt":"2024-04-22T13:11:25","slug":"set-mate","status":"publish","type":"product","link":"https:\/\/tiendaraices.com.ar\/?product=set-mate","title":{"rendered":"Set de mate madera"},"content":{"rendered":"","protected":false},"excerpt":{"rendered":"<p>Las tareas dom\u00e9sticas, como cocinar, colaboran con la imitaci\u00f3n que los ni\u00f1os\/as necesitan para su desarrollo<br \/>\nEllos\/as replican el hacer y el sentir del adulto que desempe\u00f1a esas tareas&#8230;<br \/>\nCocinemos con alegr\u00eda, disfrutemos los procesos y practiquemos la gratitud!<\/p>\n","protected":false},"featured_media":868,"template":"","meta":[],"product_cat":[18],"product_tag":[],"class_list":{"0":"post-867","1":"product","2":"type-product","3":"status-publish","4":"has-post-thumbnail","6":"product_cat-madera","8":"first","9":"outofstock","10":"sold-individually","11":"shipping-taxable","12":"purchasable","13":"product-type-simple"},"_links":{"self":[{"href":"https:\/\/tiendaraices.com.ar\/index.php?rest_route=\/wp\/v2\/product\/867","targetHints":{"allow":["GET"]}}],"collection":[{"href":"https:\/\/tiendaraices.com.ar\/index.php?rest_route=\/wp\/v2\/product"}],"about":[{"href":"https:\/\/tiendaraices.com.ar\/index.php?rest_route=\/wp\/v2\/types\/product"}],"wp:featuredmedia":[{"embeddable":true,"href":"https:\/\/tiendaraices.com.ar\/index.php?rest_route=\/wp\/v2\/media\/868"}],"wp:attachment":[{"href":"https:\/\/tiendaraices.com.ar\/index.php?rest_route=%2Fwp%2Fv2%2Fmedia&parent=867"}],"wp:term":[{"taxonomy":"product_cat","embeddable":true,"href":"https:\/\/tiendaraices.com.ar\/index.php?rest_route=%2Fwp%2Fv2%2Fproduct_cat&post=867"},{"taxonomy":"product_tag","embeddable":true,"href":"https:\/\/tiendaraices.com.ar\/index.php?rest_route=%2Fwp%2Fv2%2Fproduct_tag&post=867"}],"curies":[{"name":"wp","href":"https:\/\/api.w.org\/{rel}","templated":true}]}}