{"id":737,"date":"2021-06-26T07:41:05","date_gmt":"2021-06-26T10:41:05","guid":{"rendered":"https:\/\/tiendaraices.com.ar\/?post_type=product&#038;p=737"},"modified":"2025-06-09T09:27:35","modified_gmt":"2025-06-09T12:27:35","slug":"set-ollitas-infantil-ninos-7-piezas-aluminio-puro-bolsa","status":"publish","type":"product","link":"https:\/\/tiendaraices.com.ar\/?product=set-ollitas-infantil-ninos-7-piezas-aluminio-puro-bolsa","title":{"rendered":"Set Ollitas Infantil Ni\u00f1os 7 Piezas Aluminio Puro + Bolsa"},"content":{"rendered":"","protected":false},"excerpt":{"rendered":"<p>Las tareas dom\u00e9sticas, como cocinar, colaboran con la imitaci\u00f3n que los ni\u00f1os\/as necesitan para su desarrollo<br \/>\nEllos\/as replican el hacer y el sentir del adulto que desempe\u00f1a esas tareas&#8230;<br \/>\nCocinemos con alegr\u00eda, disfrutemos los procesos y practiquemos la gratitud!<\/p>\n","protected":false},"featured_media":739,"template":"","meta":[],"product_cat":[33],"product_tag":[],"class_list":{"0":"post-737","1":"product","2":"type-product","3":"status-publish","4":"has-post-thumbnail","6":"product_cat-juguetes-de-metal","8":"first","9":"outofstock","10":"shipping-taxable","11":"purchasable","12":"product-type-simple"},"_links":{"self":[{"href":"https:\/\/tiendaraices.com.ar\/index.php?rest_route=\/wp\/v2\/product\/737","targetHints":{"allow":["GET"]}}],"collection":[{"href":"https:\/\/tiendaraices.com.ar\/index.php?rest_route=\/wp\/v2\/product"}],"about":[{"href":"https:\/\/tiendaraices.com.ar\/index.php?rest_route=\/wp\/v2\/types\/product"}],"wp:featuredmedia":[{"embeddable":true,"href":"https:\/\/tiendaraices.com.ar\/index.php?rest_route=\/wp\/v2\/media\/739"}],"wp:attachment":[{"href":"https:\/\/tiendaraices.com.ar\/index.php?rest_route=%2Fwp%2Fv2%2Fmedia&parent=737"}],"wp:term":[{"taxonomy":"product_cat","embeddable":true,"href":"https:\/\/tiendaraices.com.ar\/index.php?rest_route=%2Fwp%2Fv2%2Fproduct_cat&post=737"},{"taxonomy":"product_tag","embeddable":true,"href":"https:\/\/tiendaraices.com.ar\/index.php?rest_route=%2Fwp%2Fv2%2Fproduct_tag&post=737"}],"curies":[{"name":"wp","href":"https:\/\/api.w.org\/{rel}","templated":true}]}}