{"id":545,"date":"2020-11-20T16:56:10","date_gmt":"2020-11-20T19:56:10","guid":{"rendered":"https:\/\/tiendaraices.com.ar\/?post_type=product&#038;p=545"},"modified":"2025-09-10T18:27:07","modified_gmt":"2025-09-10T21:27:07","slug":"set-la-sopa-aluminio-juego-cocina","status":"publish","type":"product","link":"https:\/\/tiendaraices.com.ar\/?product=set-la-sopa-aluminio-juego-cocina","title":{"rendered":"Set La Sopa Aluminio Juego Cocina"},"content":{"rendered":"","protected":false},"excerpt":{"rendered":"<p>Las tareas dom\u00e9sticas, como cocinar, colaboran con la imitaci\u00f3n que los ni\u00f1os\/as necesitan para su desarrollo<br \/>\nEllos\/as replican el hacer y el sentir del adulto que desempe\u00f1a esas tareas&#8230;<br \/>\nCocinemos con alegr\u00eda, disfrutemos los procesos y practiquemos la gratitud!<\/p>\n","protected":false},"featured_media":546,"template":"","meta":[],"product_cat":[33],"product_tag":[],"class_list":{"0":"post-545","1":"product","2":"type-product","3":"status-publish","4":"has-post-thumbnail","6":"product_cat-juguetes-de-metal","8":"first","9":"instock","10":"shipping-taxable","11":"purchasable","12":"product-type-simple"},"_links":{"self":[{"href":"https:\/\/tiendaraices.com.ar\/index.php?rest_route=\/wp\/v2\/product\/545","targetHints":{"allow":["GET"]}}],"collection":[{"href":"https:\/\/tiendaraices.com.ar\/index.php?rest_route=\/wp\/v2\/product"}],"about":[{"href":"https:\/\/tiendaraices.com.ar\/index.php?rest_route=\/wp\/v2\/types\/product"}],"wp:featuredmedia":[{"embeddable":true,"href":"https:\/\/tiendaraices.com.ar\/index.php?rest_route=\/wp\/v2\/media\/546"}],"wp:attachment":[{"href":"https:\/\/tiendaraices.com.ar\/index.php?rest_route=%2Fwp%2Fv2%2Fmedia&parent=545"}],"wp:term":[{"taxonomy":"product_cat","embeddable":true,"href":"https:\/\/tiendaraices.com.ar\/index.php?rest_route=%2Fwp%2Fv2%2Fproduct_cat&post=545"},{"taxonomy":"product_tag","embeddable":true,"href":"https:\/\/tiendaraices.com.ar\/index.php?rest_route=%2Fwp%2Fv2%2Fproduct_tag&post=545"}],"curies":[{"name":"wp","href":"https:\/\/api.w.org\/{rel}","templated":true}]}}