{"id":519,"date":"2020-11-08T21:53:20","date_gmt":"2020-11-09T00:53:20","guid":{"rendered":"https:\/\/tiendaraices.com.ar\/?post_type=product&#038;p=519"},"modified":"2024-09-23T14:54:29","modified_gmt":"2024-09-23T17:54:29","slug":"arbol-rampa-de-madera-2-autitos","status":"publish","type":"product","link":"https:\/\/tiendaraices.com.ar\/?product=arbol-rampa-de-madera-2-autitos","title":{"rendered":"Arbol Rampa De Madera + 2 Autitos"},"content":{"rendered":"","protected":false},"excerpt":{"rendered":"<p>Esta rampa de madera con dos autitos les proporciona un constante ir y venir&#8230;sonido, gravedad, color y alegr\u00eda&#8230;La repetici\u00f3n del movimiento estimula la observaci\u00f3n, el sentido del tacto y el o\u00eddo&#8230;\u2728<\/p>\n","protected":false},"featured_media":520,"template":"","meta":[],"product_cat":[18],"product_tag":[],"class_list":{"0":"post-519","1":"product","2":"type-product","3":"status-publish","4":"has-post-thumbnail","6":"product_cat-madera","8":"first","9":"outofstock","10":"shipping-taxable","11":"product-type-simple"},"_links":{"self":[{"href":"https:\/\/tiendaraices.com.ar\/index.php?rest_route=\/wp\/v2\/product\/519","targetHints":{"allow":["GET"]}}],"collection":[{"href":"https:\/\/tiendaraices.com.ar\/index.php?rest_route=\/wp\/v2\/product"}],"about":[{"href":"https:\/\/tiendaraices.com.ar\/index.php?rest_route=\/wp\/v2\/types\/product"}],"wp:featuredmedia":[{"embeddable":true,"href":"https:\/\/tiendaraices.com.ar\/index.php?rest_route=\/wp\/v2\/media\/520"}],"wp:attachment":[{"href":"https:\/\/tiendaraices.com.ar\/index.php?rest_route=%2Fwp%2Fv2%2Fmedia&parent=519"}],"wp:term":[{"taxonomy":"product_cat","embeddable":true,"href":"https:\/\/tiendaraices.com.ar\/index.php?rest_route=%2Fwp%2Fv2%2Fproduct_cat&post=519"},{"taxonomy":"product_tag","embeddable":true,"href":"https:\/\/tiendaraices.com.ar\/index.php?rest_route=%2Fwp%2Fv2%2Fproduct_tag&post=519"}],"curies":[{"name":"wp","href":"https:\/\/api.w.org\/{rel}","templated":true}]}}