{"id":273,"date":"2020-08-06T20:44:59","date_gmt":"2020-08-06T23:44:59","guid":{"rendered":"https:\/\/tiendaraices.com.ar\/?post_type=product&#038;p=273"},"modified":"2026-03-11T21:11:09","modified_gmt":"2026-03-12T00:11:09","slug":"pantuflas","status":"publish","type":"product","link":"https:\/\/tiendaraices.com.ar\/?product=pantuflas","title":{"rendered":"Pantuflas hilo"},"content":{"rendered":"","protected":false},"excerpt":{"rendered":"<p>Se realizan a pedido. Al hacer la compra aclarar medida del pie y si se elije alg\u00fan color de preferencia.<\/p>\n<p>Hasta 13 cm. $23.000<\/p>\n<p>14 a 17 cm. $27.500<\/p>\n<p>18 a 21 cm. $32.000<\/p>\n<p>22 a 25 cm. $36.500<\/p>\n<p>26 a 29 cm. $41.000<\/p>\n<p><span style=\"font-weight: 400;\">Los productos ofrecidos en la Tienda Ra\u00edces, aparte de los juguetes, est\u00e1n elegidos teniendo en cuenta su origen y caracter\u00edsticas. Alimentos, productos de cosm\u00e9tica y de bienestar general, son org\u00e1nicos, naturales y el resultado de trabajo respetado y justo.<\/span><\/p>\n","protected":false},"featured_media":797,"template":"","meta":[],"product_cat":[29],"product_tag":[],"class_list":{"0":"post-273","1":"product","2":"type-product","3":"status-publish","4":"has-post-thumbnail","6":"product_cat-tejidos","8":"first","9":"instock","10":"sold-individually","11":"shipping-taxable","12":"purchasable","13":"product-type-simple"},"_links":{"self":[{"href":"https:\/\/tiendaraices.com.ar\/index.php?rest_route=\/wp\/v2\/product\/273","targetHints":{"allow":["GET"]}}],"collection":[{"href":"https:\/\/tiendaraices.com.ar\/index.php?rest_route=\/wp\/v2\/product"}],"about":[{"href":"https:\/\/tiendaraices.com.ar\/index.php?rest_route=\/wp\/v2\/types\/product"}],"wp:featuredmedia":[{"embeddable":true,"href":"https:\/\/tiendaraices.com.ar\/index.php?rest_route=\/wp\/v2\/media\/797"}],"wp:attachment":[{"href":"https:\/\/tiendaraices.com.ar\/index.php?rest_route=%2Fwp%2Fv2%2Fmedia&parent=273"}],"wp:term":[{"taxonomy":"product_cat","embeddable":true,"href":"https:\/\/tiendaraices.com.ar\/index.php?rest_route=%2Fwp%2Fv2%2Fproduct_cat&post=273"},{"taxonomy":"product_tag","embeddable":true,"href":"https:\/\/tiendaraices.com.ar\/index.php?rest_route=%2Fwp%2Fv2%2Fproduct_tag&post=273"}],"curies":[{"name":"wp","href":"https:\/\/api.w.org\/{rel}","templated":true}]}}