{"id":1756,"date":"2026-03-06T11:16:09","date_gmt":"2026-03-06T14:16:09","guid":{"rendered":"https:\/\/tiendaraices.com.ar\/?post_type=product&#038;p=1756"},"modified":"2026-04-09T23:23:36","modified_gmt":"2026-04-10T02:23:36","slug":"juego-didactico-de-memoria","status":"publish","type":"product","link":"https:\/\/tiendaraices.com.ar\/?product=juego-didactico-de-memoria","title":{"rendered":"Juego did\u00e1ctico de memoria"},"content":{"rendered":"<p>Juego de Memoria de Colores en Madera<br \/>\nJuego did\u00e1ctico ideal para estimular la memoria y la concentraci\u00f3n de forma divertida.<br \/>\nC\u00f3mo se juega:<br \/>\nLas clavijas se colocan en el tablero con el color oculto. Cada jugador tira el dado de colores y debe retirar una clavija intentando encontrar ese mismo color. Si acierta, se queda con la pieza; si no, la vuelve a colocar en su lugar y contin\u00faa el siguiente jugador.<br \/>\nObjetivo:<br \/>\nRecordar la ubicaci\u00f3n de los colores y conseguir la mayor cantidad de clavijas.<br \/>\nPerfecto para desarrollar memoria, atenci\u00f3n y coordinaci\u00f3n mientras se juega.<\/p>\n","protected":false},"excerpt":{"rendered":"<p>Juego de Memoria de Colores en Madera Juego did\u00e1ctico ideal para estimular la memoria y la concentraci\u00f3n de forma divertida. C\u00f3mo se juega: Las clavijas se colocan en el tablero con el color oculto. Cada jugador tira el dado de colores y debe retirar una clavija intentando encontrar ese mismo color. Si acierta, se queda [&hellip;]<\/p>\n","protected":false},"featured_media":1747,"template":"","meta":[],"product_cat":[18],"product_tag":[],"class_list":{"0":"post-1756","1":"product","2":"type-product","3":"status-publish","4":"has-post-thumbnail","6":"product_cat-madera","8":"first","9":"instock","10":"shipping-taxable","11":"purchasable","12":"product-type-simple"},"_links":{"self":[{"href":"https:\/\/tiendaraices.com.ar\/index.php?rest_route=\/wp\/v2\/product\/1756","targetHints":{"allow":["GET"]}}],"collection":[{"href":"https:\/\/tiendaraices.com.ar\/index.php?rest_route=\/wp\/v2\/product"}],"about":[{"href":"https:\/\/tiendaraices.com.ar\/index.php?rest_route=\/wp\/v2\/types\/product"}],"wp:featuredmedia":[{"embeddable":true,"href":"https:\/\/tiendaraices.com.ar\/index.php?rest_route=\/wp\/v2\/media\/1747"}],"wp:attachment":[{"href":"https:\/\/tiendaraices.com.ar\/index.php?rest_route=%2Fwp%2Fv2%2Fmedia&parent=1756"}],"wp:term":[{"taxonomy":"product_cat","embeddable":true,"href":"https:\/\/tiendaraices.com.ar\/index.php?rest_route=%2Fwp%2Fv2%2Fproduct_cat&post=1756"},{"taxonomy":"product_tag","embeddable":true,"href":"https:\/\/tiendaraices.com.ar\/index.php?rest_route=%2Fwp%2Fv2%2Fproduct_tag&post=1756"}],"curies":[{"name":"wp","href":"https:\/\/api.w.org\/{rel}","templated":true}]}}