{"id":1704,"date":"2026-02-24T15:32:25","date_gmt":"2026-02-24T18:32:25","guid":{"rendered":"https:\/\/tiendaraices.com.ar\/?post_type=product&#038;p=1704"},"modified":"2026-02-24T16:10:17","modified_gmt":"2026-02-24T19:10:17","slug":"remera-algodon-infantil-unisex","status":"publish","type":"product","link":"https:\/\/tiendaraices.com.ar\/?product=remera-algodon-infantil-unisex","title":{"rendered":"Remera Algod\u00f3n Infantil Unisex"},"content":{"rendered":"<p>Remera algod\u00f3n peinado 24.1<\/p>\n<p>100% algod\u00f3n.<\/p>\n<p dir=\"ltr\">Las medidas de la prenda est\u00e1n tomadas de frente, de lado a lado. No corresponde al contorno.<\/p>\n<p dir=\"ltr\">Recuerde que todas las medidas pueden tener una variaci\u00f3n de 2\/3 cent\u00edmetros debido a las maquinas de corte.<\/p>\n<p dir=\"ltr\">El ancho se mide de axila a axila. Justo de la costura de debajo de una manga a la otra. El largo se toma desde el borde del cuello hasta el bajo de la camiseta, intentando mantener la regla\/metro lo m\u00e1s recta posible.<\/p>\n<p dir=\"ltr\">INSTRUCCIONES DE LAVADO:<\/p>\n<p dir=\"ltr\">Lavar a 30\u00b0 m\u00e1ximo | No usar Lavandina |No centrifugar | Plancha a temp. M\u00e1x. 150\u00b0 | Secar colgado | Lavar con colores similares | Lavar del rev\u00e9s.<\/p>\n<p>Colores disponibles: gris topo, blanco, azul marino, azul, turquesa, celeste, bord\u00f3, rojo, naranja, amarillo, fucsia, rosa, violeta, lila, lavanda, verde militar, verde Benetton, verde ingl\u00e9s, crema y marr\u00f3n<\/p>\n<p>Al hacer la compra aclarar color y talle. Ser\u00e1 contactado si no hay stock de alguna de las opciones.<\/p>\n","protected":false},"excerpt":{"rendered":"<p>Remera algod\u00f3n peinado 24.1 100% algod\u00f3n. Las medidas de la prenda est\u00e1n tomadas de frente, de lado a lado. No corresponde al contorno. Recuerde que todas las medidas pueden tener una variaci\u00f3n de 2\/3 cent\u00edmetros debido a las maquinas de corte. El ancho se mide de axila a axila. Justo de la costura de debajo [&hellip;]<\/p>\n","protected":false},"featured_media":1705,"template":"","meta":[],"product_cat":[30],"product_tag":[],"class_list":{"0":"post-1704","1":"product","2":"type-product","3":"status-publish","4":"has-post-thumbnail","6":"product_cat-varios","8":"first","9":"instock","10":"shipping-taxable","11":"purchasable","12":"product-type-simple"},"_links":{"self":[{"href":"https:\/\/tiendaraices.com.ar\/index.php?rest_route=\/wp\/v2\/product\/1704","targetHints":{"allow":["GET"]}}],"collection":[{"href":"https:\/\/tiendaraices.com.ar\/index.php?rest_route=\/wp\/v2\/product"}],"about":[{"href":"https:\/\/tiendaraices.com.ar\/index.php?rest_route=\/wp\/v2\/types\/product"}],"wp:featuredmedia":[{"embeddable":true,"href":"https:\/\/tiendaraices.com.ar\/index.php?rest_route=\/wp\/v2\/media\/1705"}],"wp:attachment":[{"href":"https:\/\/tiendaraices.com.ar\/index.php?rest_route=%2Fwp%2Fv2%2Fmedia&parent=1704"}],"wp:term":[{"taxonomy":"product_cat","embeddable":true,"href":"https:\/\/tiendaraices.com.ar\/index.php?rest_route=%2Fwp%2Fv2%2Fproduct_cat&post=1704"},{"taxonomy":"product_tag","embeddable":true,"href":"https:\/\/tiendaraices.com.ar\/index.php?rest_route=%2Fwp%2Fv2%2Fproduct_tag&post=1704"}],"curies":[{"name":"wp","href":"https:\/\/api.w.org\/{rel}","templated":true}]}}