{"id":167,"date":"2020-07-17T13:24:53","date_gmt":"2020-07-17T16:24:53","guid":{"rendered":"https:\/\/tiendaraices.com.ar\/?post_type=product&#038;p=167"},"modified":"2024-04-22T10:11:31","modified_gmt":"2024-04-22T13:11:31","slug":"arcangel-azul-grande","status":"publish","type":"product","link":"https:\/\/tiendaraices.com.ar\/?product=arcangel-azul-grande","title":{"rendered":"Arc\u00e1ngel Azul (grande)"},"content":{"rendered":"","protected":false},"excerpt":{"rendered":"<p>El \u00e1ngel de la guarda es una figura siempre presente en la pedagog\u00eda waldorf. Confeccionado con vell\u00f3n y con una forma et\u00e9rea permite al ni\u00f1o\/a tener un soporte visual de una figura espiritual.<\/p>\n","protected":false},"featured_media":160,"template":"","meta":[],"product_cat":[15],"product_tag":[],"class_list":{"0":"post-167","1":"product","2":"type-product","3":"status-publish","4":"has-post-thumbnail","6":"product_cat-vellon","8":"first","9":"outofstock","10":"sold-individually","11":"shipping-taxable","12":"purchasable","13":"product-type-simple"},"_links":{"self":[{"href":"https:\/\/tiendaraices.com.ar\/index.php?rest_route=\/wp\/v2\/product\/167","targetHints":{"allow":["GET"]}}],"collection":[{"href":"https:\/\/tiendaraices.com.ar\/index.php?rest_route=\/wp\/v2\/product"}],"about":[{"href":"https:\/\/tiendaraices.com.ar\/index.php?rest_route=\/wp\/v2\/types\/product"}],"wp:featuredmedia":[{"embeddable":true,"href":"https:\/\/tiendaraices.com.ar\/index.php?rest_route=\/wp\/v2\/media\/160"}],"wp:attachment":[{"href":"https:\/\/tiendaraices.com.ar\/index.php?rest_route=%2Fwp%2Fv2%2Fmedia&parent=167"}],"wp:term":[{"taxonomy":"product_cat","embeddable":true,"href":"https:\/\/tiendaraices.com.ar\/index.php?rest_route=%2Fwp%2Fv2%2Fproduct_cat&post=167"},{"taxonomy":"product_tag","embeddable":true,"href":"https:\/\/tiendaraices.com.ar\/index.php?rest_route=%2Fwp%2Fv2%2Fproduct_tag&post=167"}],"curies":[{"name":"wp","href":"https:\/\/api.w.org\/{rel}","templated":true}]}}