{"id":1665,"date":"2025-11-28T20:43:21","date_gmt":"2025-11-28T23:43:21","guid":{"rendered":"https:\/\/tiendaraices.com.ar\/?post_type=product&#038;p=1665"},"modified":"2026-03-05T18:06:16","modified_gmt":"2026-03-05T21:06:16","slug":"bandeja-de-coordinacion","status":"publish","type":"product","link":"https:\/\/tiendaraices.com.ar\/?product=bandeja-de-coordinacion","title":{"rendered":"Bandeja de Coordinaci\u00f3n"},"content":{"rendered":"<p>Bandeja de coordinaci\u00f3n manual. El objetivo es lograr que la canica haga el recorrido del laberinto. Se puede comenzar con una sola canica y a medida que el ni\u00f1o desarrolla la coordinaci\u00f3n y motricidad, se agregan m\u00e1s para complejizar el juego.<\/p>\n","protected":false},"excerpt":{"rendered":"<p>Bandeja de coordinaci\u00f3n manual. El objetivo es lograr que la canica haga el recorrido del laberinto. Se puede comenzar con una sola canica y a medida que el ni\u00f1o desarrolla la coordinaci\u00f3n y motricidad, se agregan m\u00e1s para complejizar el juego.<\/p>\n","protected":false},"featured_media":1666,"template":"","meta":[],"product_cat":[18],"product_tag":[],"class_list":{"0":"post-1665","1":"product","2":"type-product","3":"status-publish","4":"has-post-thumbnail","6":"product_cat-madera","8":"first","9":"instock","10":"shipping-taxable","11":"purchasable","12":"product-type-simple"},"_links":{"self":[{"href":"https:\/\/tiendaraices.com.ar\/index.php?rest_route=\/wp\/v2\/product\/1665","targetHints":{"allow":["GET"]}}],"collection":[{"href":"https:\/\/tiendaraices.com.ar\/index.php?rest_route=\/wp\/v2\/product"}],"about":[{"href":"https:\/\/tiendaraices.com.ar\/index.php?rest_route=\/wp\/v2\/types\/product"}],"wp:featuredmedia":[{"embeddable":true,"href":"https:\/\/tiendaraices.com.ar\/index.php?rest_route=\/wp\/v2\/media\/1666"}],"wp:attachment":[{"href":"https:\/\/tiendaraices.com.ar\/index.php?rest_route=%2Fwp%2Fv2%2Fmedia&parent=1665"}],"wp:term":[{"taxonomy":"product_cat","embeddable":true,"href":"https:\/\/tiendaraices.com.ar\/index.php?rest_route=%2Fwp%2Fv2%2Fproduct_cat&post=1665"},{"taxonomy":"product_tag","embeddable":true,"href":"https:\/\/tiendaraices.com.ar\/index.php?rest_route=%2Fwp%2Fv2%2Fproduct_tag&post=1665"}],"curies":[{"name":"wp","href":"https:\/\/api.w.org\/{rel}","templated":true}]}}