{"id":1655,"date":"2025-10-13T17:00:50","date_gmt":"2025-10-13T20:00:50","guid":{"rendered":"https:\/\/tiendaraices.com.ar\/?post_type=product&#038;p=1655"},"modified":"2025-10-20T12:47:20","modified_gmt":"2025-10-20T15:47:20","slug":"taza-infusor-tes-en-hebras","status":"publish","type":"product","link":"https:\/\/tiendaraices.com.ar\/?product=taza-infusor-tes-en-hebras","title":{"rendered":"Taza + infusor + tes en hebras"},"content":{"rendered":"<p>Taza de cer\u00e1mica artesanal m\u00e1s 3 pack individuales de t\u00e9 en hebras + infusor de acero inoxidable con arreglo de piedras artesanal<\/p>\n<p>Capacidad de la taza: 180 cc<\/p>\n<p>Cada pack individual de t\u00e9 rinde una tetera<\/p>\n","protected":false},"excerpt":{"rendered":"<p>Taza de cer\u00e1mica artesanal m\u00e1s 3 pack individuales de t\u00e9 en hebras + infusor de acero inoxidable con arreglo de piedras artesanal Capacidad de la taza: 180 cc Cada pack individual de t\u00e9 rinde una tetera<\/p>\n","protected":false},"featured_media":1657,"template":"","meta":[],"product_cat":[39],"product_tag":[],"class_list":{"0":"post-1655","1":"product","2":"type-product","3":"status-publish","4":"has-post-thumbnail","6":"product_cat-ceramica-2","8":"first","9":"outofstock","10":"shipping-taxable","11":"purchasable","12":"product-type-simple"},"_links":{"self":[{"href":"https:\/\/tiendaraices.com.ar\/index.php?rest_route=\/wp\/v2\/product\/1655","targetHints":{"allow":["GET"]}}],"collection":[{"href":"https:\/\/tiendaraices.com.ar\/index.php?rest_route=\/wp\/v2\/product"}],"about":[{"href":"https:\/\/tiendaraices.com.ar\/index.php?rest_route=\/wp\/v2\/types\/product"}],"wp:featuredmedia":[{"embeddable":true,"href":"https:\/\/tiendaraices.com.ar\/index.php?rest_route=\/wp\/v2\/media\/1657"}],"wp:attachment":[{"href":"https:\/\/tiendaraices.com.ar\/index.php?rest_route=%2Fwp%2Fv2%2Fmedia&parent=1655"}],"wp:term":[{"taxonomy":"product_cat","embeddable":true,"href":"https:\/\/tiendaraices.com.ar\/index.php?rest_route=%2Fwp%2Fv2%2Fproduct_cat&post=1655"},{"taxonomy":"product_tag","embeddable":true,"href":"https:\/\/tiendaraices.com.ar\/index.php?rest_route=%2Fwp%2Fv2%2Fproduct_tag&post=1655"}],"curies":[{"name":"wp","href":"https:\/\/api.w.org\/{rel}","templated":true}]}}