{"id":1590,"date":"2025-09-29T09:48:56","date_gmt":"2025-09-29T12:48:56","guid":{"rendered":"https:\/\/tiendaraices.com.ar\/?post_type=product&#038;p=1590"},"modified":"2025-09-30T23:30:57","modified_gmt":"2025-10-01T02:30:57","slug":"especial-dia-de-la-madre-combo-2","status":"publish","type":"product","link":"https:\/\/tiendaraices.com.ar\/?product=especial-dia-de-la-madre-combo-2","title":{"rendered":"\ud83c\udf38Box Ritual Facial \u00abEspecial d\u00eda de la Madre\u00bb"},"content":{"rendered":"<p>\ud83c\udf3a Combo 2 \u2013<\/p>\n<p>Incluye:<\/p>\n<p>\ud83d\udca6 Agua micelar \u2013 Un toque de frescura para limpiar y renovar la piel, como un abrazo suave.<br \/>\n\ud83c\udf3f Crema facial \u2013 Hidrataci\u00f3n y cuidado que acompa\u00f1an la belleza natural de mam\u00e1.<br \/>\n\ud83d\udc84 B\u00e1lsamo labial \u2013 Un mimo que protege y realza la sonrisa que ilumina cada d\u00eda.<br \/>\n\ud83d\udc51 Vincha \u2013 Un detalle pr\u00e1ctico y delicado para acompa\u00f1ar sus momentos de cuidado personal<\/p>\n<p>\ud83d\udc8c Tarjeta con frase a elecci\u00f3n \u2013 Un detalle que convierte este regalo en algo \u00fanico y personal.<\/p>\n<p>\ud83d\udc49 Un regalo pensado para que mam\u00e1 brille con su luz natural y se regale un instante de amor propio.<\/p>\n<p>&nbsp;<\/p>\n","protected":false},"excerpt":{"rendered":"<p>Combo 2:<br \/>\n&#8211; Agua micelar<br \/>\n&#8211; Crema facial<br \/>\n&#8211; Balsamo labial<br \/>\n&#8211; Vincha<\/p>\n","protected":false},"featured_media":1586,"template":"","meta":[],"product_cat":[22],"product_tag":[],"class_list":{"0":"post-1590","1":"product","2":"type-product","3":"status-publish","4":"has-post-thumbnail","6":"product_cat-cuidado-personal","8":"first","9":"instock","10":"shipping-taxable","11":"purchasable","12":"product-type-simple"},"_links":{"self":[{"href":"https:\/\/tiendaraices.com.ar\/index.php?rest_route=\/wp\/v2\/product\/1590","targetHints":{"allow":["GET"]}}],"collection":[{"href":"https:\/\/tiendaraices.com.ar\/index.php?rest_route=\/wp\/v2\/product"}],"about":[{"href":"https:\/\/tiendaraices.com.ar\/index.php?rest_route=\/wp\/v2\/types\/product"}],"wp:featuredmedia":[{"embeddable":true,"href":"https:\/\/tiendaraices.com.ar\/index.php?rest_route=\/wp\/v2\/media\/1586"}],"wp:attachment":[{"href":"https:\/\/tiendaraices.com.ar\/index.php?rest_route=%2Fwp%2Fv2%2Fmedia&parent=1590"}],"wp:term":[{"taxonomy":"product_cat","embeddable":true,"href":"https:\/\/tiendaraices.com.ar\/index.php?rest_route=%2Fwp%2Fv2%2Fproduct_cat&post=1590"},{"taxonomy":"product_tag","embeddable":true,"href":"https:\/\/tiendaraices.com.ar\/index.php?rest_route=%2Fwp%2Fv2%2Fproduct_tag&post=1590"}],"curies":[{"name":"wp","href":"https:\/\/api.w.org\/{rel}","templated":true}]}}