{"id":1575,"date":"2025-09-25T18:21:10","date_gmt":"2025-09-25T21:21:10","guid":{"rendered":"https:\/\/tiendaraices.com.ar\/?post_type=product&#038;p=1575"},"modified":"2025-09-30T23:31:54","modified_gmt":"2025-10-01T02:31:54","slug":"acondicionador-solido","status":"publish","type":"product","link":"https:\/\/tiendaraices.com.ar\/?product=acondicionador-solido","title":{"rendered":"Acondicionador Solido"},"content":{"rendered":"<p data-start=\"205\" data-end=\"353\">Formulado con<strong data-start=\"219\" data-end=\"227\"> BTMS<\/strong>, un emulsionante natural de origen vegetal que acondiciona el cabello, facilitando el desenredado sin dejar sensaci\u00f3n pesada.<\/p>\n<p data-start=\"355\" data-end=\"536\">En combinaci\u00f3n con <strong data-start=\"374\" data-end=\"407\">aceites y mantecas nutritivas<\/strong>, este acondicionador repara la fibra capilar, reduce el frizz y aporta <strong data-start=\"479\" data-end=\"524\">hidrataci\u00f3n, nutrici\u00f3n, brillo y suavidad<\/strong> al cabello.<\/p>\n<p>Ingredientes: BTMS, manteca, aceite, glicerina, betaina, extracto, micas, aroma.<\/p>\n<p>Nutrici\u00f3n: aceite de coco, manteca de cacao, queratina vegetal.<\/p>\n<p>Hidrataci\u00f3n: aceite de almendras, manteca de karit\u00e9, extracto de hibiscus.<\/p>\n<p>Graso: aceite de almendras, manteca karit\u00e9, extracto de romero, AE romero.<\/p>\n<p>Psoriasis: aceite de ricino, manteca karit\u00e9, extracto de manzanilla.<\/p>\n<p>&nbsp;<\/p>\n","protected":false},"excerpt":{"rendered":"<p>Formulado con BTMS, un emulsionante natural de origen vegetal que acondiciona el cabello, facilitando el desenredado sin dejar sensaci\u00f3n pesada. En combinaci\u00f3n con aceites y mantecas nutritivas, este acondicionador repara la fibra capilar, reduce el frizz y aporta hidrataci\u00f3n, nutrici\u00f3n, brillo y suavidad al cabello. Ingredientes: BTMS, manteca, aceite, glicerina, betaina, extracto, micas, aroma. Nutrici\u00f3n: [&hellip;]<\/p>\n","protected":false},"featured_media":1576,"template":"","meta":[],"product_cat":[18,22],"product_tag":[],"class_list":{"0":"post-1575","1":"product","2":"type-product","3":"status-publish","4":"has-post-thumbnail","6":"product_cat-madera","7":"product_cat-cuidado-personal","9":"first","10":"instock","11":"shipping-taxable","12":"purchasable","13":"product-type-simple"},"_links":{"self":[{"href":"https:\/\/tiendaraices.com.ar\/index.php?rest_route=\/wp\/v2\/product\/1575","targetHints":{"allow":["GET"]}}],"collection":[{"href":"https:\/\/tiendaraices.com.ar\/index.php?rest_route=\/wp\/v2\/product"}],"about":[{"href":"https:\/\/tiendaraices.com.ar\/index.php?rest_route=\/wp\/v2\/types\/product"}],"wp:featuredmedia":[{"embeddable":true,"href":"https:\/\/tiendaraices.com.ar\/index.php?rest_route=\/wp\/v2\/media\/1576"}],"wp:attachment":[{"href":"https:\/\/tiendaraices.com.ar\/index.php?rest_route=%2Fwp%2Fv2%2Fmedia&parent=1575"}],"wp:term":[{"taxonomy":"product_cat","embeddable":true,"href":"https:\/\/tiendaraices.com.ar\/index.php?rest_route=%2Fwp%2Fv2%2Fproduct_cat&post=1575"},{"taxonomy":"product_tag","embeddable":true,"href":"https:\/\/tiendaraices.com.ar\/index.php?rest_route=%2Fwp%2Fv2%2Fproduct_tag&post=1575"}],"curies":[{"name":"wp","href":"https:\/\/api.w.org\/{rel}","templated":true}]}}