{"id":1572,"date":"2025-09-19T19:26:06","date_gmt":"2025-09-19T22:26:06","guid":{"rendered":"https:\/\/tiendaraices.com.ar\/?post_type=product&#038;p=1572"},"modified":"2025-09-30T23:31:54","modified_gmt":"2025-10-01T02:31:54","slug":"jabon-batido-100-gr","status":"publish","type":"product","link":"https:\/\/tiendaraices.com.ar\/?product=jabon-batido-100-gr","title":{"rendered":"Jab\u00f3n Batido (100 gr)"},"content":{"rendered":"<p data-start=\"220\" data-end=\"471\">Los jabones batidos tienen una textura incre\u00edblemente sedosa, similar a la mousse de un postre. Son una verdadera delicia para la piel, especialmente pensados para pieles muy sensibles o que se resecan con facilidad al usar jabones tradicionales.<\/p>\n<p data-start=\"473\" data-end=\"574\">Formulados con <strong data-start=\"488\" data-end=\"524\">ingredientes 100% biodegradables<\/strong>, no solo cuidan tu piel, sino tambi\u00e9n el planeta.<\/p>\n<p data-start=\"576\" data-end=\"770\">Contienen:<br data-start=\"586\" data-end=\"589\" \/>\ud83c\udf39 <strong data-start=\"592\" data-end=\"614\">Hidrolato de rosas<\/strong>, que suaviza y calma la piel.<br data-start=\"644\" data-end=\"647\" \/>\ud83c\udf47 <strong data-start=\"650\" data-end=\"673\">Extracto de granada<\/strong>, un potente antioxidante natural.<br data-start=\"707\" data-end=\"710\" \/>\ud83c\udf3a <strong data-start=\"713\" data-end=\"725\">Hibiscus<\/strong>, que mejora la elasticidad y aporta firmeza.<\/p>\n<p data-start=\"772\" data-end=\"993\">\u2728 \u00bfC\u00f3mo se usan?<br data-start=\"788\" data-end=\"791\" \/>Aplic\u00e1 una peque\u00f1a porci\u00f3n con una cucharita sobre tu esponja o directamente en la mano, distribu\u00ed por el cuerpo y disfrut\u00e1 una experiencia sensorial \u00fanica\u2026 como estar en un spa, cada vez que te duch\u00e1s.<\/p>\n<p data-start=\"212\" data-end=\"253\"><strong data-start=\"219\" data-end=\"253\">Ingredientes del jab\u00f3n batido:<\/strong><\/p>\n<ul data-start=\"255\" data-end=\"1122\">\n<li data-start=\"255\" data-end=\"353\">\n<p data-start=\"257\" data-end=\"353\"><strong data-start=\"257\" data-end=\"293\">SCI (Sodium Cocoyl Isethionate):<\/strong> tensioactivo suave derivado del coco, limpia sin resecar.<\/p>\n<\/li>\n<li data-start=\"354\" data-end=\"442\">\n<p data-start=\"356\" data-end=\"442\"><strong data-start=\"356\" data-end=\"376\">Beta\u00edna de coco:<\/strong> co-tensioactivo natural que aporta suavidad y mejora la espuma.<\/p>\n<\/li>\n<li data-start=\"443\" data-end=\"505\">\n<p data-start=\"445\" data-end=\"505\"><strong data-start=\"445\" data-end=\"468\">Hidrolato de rosas:<\/strong> calma, tonifica y suaviza la piel.<\/p>\n<\/li>\n<li data-start=\"506\" data-end=\"580\">\n<p data-start=\"508\" data-end=\"580\"><strong data-start=\"508\" data-end=\"530\">Glicerina vegetal:<\/strong> humectante que ayuda a mantener la hidrataci\u00f3n.<\/p>\n<\/li>\n<li data-start=\"581\" data-end=\"682\">\n<p data-start=\"583\" data-end=\"682\"><strong data-start=\"583\" data-end=\"603\">\u00c1cido este\u00e1rico:<\/strong> da cuerpo y estabilidad a la f\u00f3rmula, adem\u00e1s de aportar una textura cremosa.<\/p>\n<\/li>\n<li data-start=\"683\" data-end=\"766\">\n<p data-start=\"685\" data-end=\"766\"><strong data-start=\"685\" data-end=\"704\">Aceite de coco:<\/strong> nutritivo y emoliente, ayuda a proteger la barrera cut\u00e1nea.<\/p>\n<\/li>\n<li data-start=\"767\" data-end=\"836\">\n<p data-start=\"769\" data-end=\"836\"><strong data-start=\"769\" data-end=\"794\">Extracto de hibiscus:<\/strong> mejora la elasticidad y aporta firmeza.<\/p>\n<\/li>\n<li data-start=\"837\" data-end=\"915\">\n<p data-start=\"839\" data-end=\"915\"><strong data-start=\"839\" data-end=\"863\">Extracto de granada:<\/strong> potente antioxidante, protege y regenera la piel.<\/p>\n<\/li>\n<li data-start=\"916\" data-end=\"976\">\n<p data-start=\"918\" data-end=\"976\"><strong data-start=\"918\" data-end=\"928\">Micas:<\/strong> pigmentos minerales naturales para dar color.<\/p>\n<\/li>\n<li data-start=\"977\" data-end=\"1046\">\n<p data-start=\"979\" data-end=\"1046\"><strong data-start=\"979\" data-end=\"995\">Conservante:<\/strong> asegura la estabilidad y seguridad del producto.<\/p>\n<\/li>\n<li data-start=\"1047\" data-end=\"1122\">\n<p data-start=\"1049\" data-end=\"1122\"><strong data-start=\"1049\" data-end=\"1063\">Fragancia:<\/strong> aporta una experiencia sensorial agradable durante el uso.<\/p>\n<\/li>\n<\/ul>\n","protected":false},"excerpt":{"rendered":"<p>Los jabones batidos tienen una textura incre\u00edblemente sedosa, similar a la mousse de un postre. Son una verdadera delicia para la piel, especialmente pensados para pieles muy sensibles o que se resecan con facilidad al usar jabones tradicionales. Formulados con ingredientes 100% biodegradables, no solo cuidan tu piel, sino tambi\u00e9n el planeta. Contienen:\ud83c\udf39 Hidrolato de [&hellip;]<\/p>\n","protected":false},"featured_media":1573,"template":"","meta":[],"product_cat":[18,22],"product_tag":[],"class_list":{"0":"post-1572","1":"product","2":"type-product","3":"status-publish","4":"has-post-thumbnail","6":"product_cat-madera","7":"product_cat-cuidado-personal","9":"first","10":"instock","11":"shipping-taxable","12":"purchasable","13":"product-type-simple"},"_links":{"self":[{"href":"https:\/\/tiendaraices.com.ar\/index.php?rest_route=\/wp\/v2\/product\/1572","targetHints":{"allow":["GET"]}}],"collection":[{"href":"https:\/\/tiendaraices.com.ar\/index.php?rest_route=\/wp\/v2\/product"}],"about":[{"href":"https:\/\/tiendaraices.com.ar\/index.php?rest_route=\/wp\/v2\/types\/product"}],"wp:featuredmedia":[{"embeddable":true,"href":"https:\/\/tiendaraices.com.ar\/index.php?rest_route=\/wp\/v2\/media\/1573"}],"wp:attachment":[{"href":"https:\/\/tiendaraices.com.ar\/index.php?rest_route=%2Fwp%2Fv2%2Fmedia&parent=1572"}],"wp:term":[{"taxonomy":"product_cat","embeddable":true,"href":"https:\/\/tiendaraices.com.ar\/index.php?rest_route=%2Fwp%2Fv2%2Fproduct_cat&post=1572"},{"taxonomy":"product_tag","embeddable":true,"href":"https:\/\/tiendaraices.com.ar\/index.php?rest_route=%2Fwp%2Fv2%2Fproduct_tag&post=1572"}],"curies":[{"name":"wp","href":"https:\/\/api.w.org\/{rel}","templated":true}]}}