{"id":1568,"date":"2025-09-19T19:21:48","date_gmt":"2025-09-19T22:21:48","guid":{"rendered":"https:\/\/tiendaraices.com.ar\/?post_type=product&#038;p=1568"},"modified":"2025-09-30T23:31:54","modified_gmt":"2025-10-01T02:31:54","slug":"shampoo-solido-60gr","status":"publish","type":"product","link":"https:\/\/tiendaraices.com.ar\/?product=shampoo-solido-60gr","title":{"rendered":"Shampoo solido 60gr"},"content":{"rendered":"<p data-start=\"132\" data-end=\"309\">\ud83d\udc9a <strong data-start=\"135\" data-end=\"185\">Los shampoos s\u00f3lidos son todo lo que est\u00e1 bien<\/strong>: no irritan la piel, no contienen siliconas ni sulfatos agresivos y son ideales para quienes siguen el m\u00e9todo <em data-start=\"296\" data-end=\"308\">Curly Girl<\/em>.<\/p>\n<p data-start=\"311\" data-end=\"477\">\u2728 Toda la l\u00ednea est\u00e1 formulada con el equilibrio justo entre un agente limpiador suave, mantecas que suavizan e hidratan, y arcillas que purifican el cuero cabelludo.<\/p>\n<p>Ingredientes: SCI, arcilla caol\u00edn, manteca, betaina de coco, glicerina, extracto de hibiscus,\u00a0 cera de abejas, micas, aroma.<\/p>\n<p data-start=\"1713\" data-end=\"1733\">\ud83c\udf3f <strong data-start=\"1716\" data-end=\"1730\">Variedades<\/strong>:<\/p>\n<ul data-start=\"1734\" data-end=\"1960\">\n<li data-start=\"1734\" data-end=\"1786\">\n<p data-start=\"1736\" data-end=\"1786\"><strong data-start=\"1736\" data-end=\"1749\">Nutrici\u00f3n<\/strong>: keratina vegetal + aceite de coco<\/p>\n<\/li>\n<li data-start=\"1787\" data-end=\"1827\">\n<p data-start=\"1789\" data-end=\"1827\"><strong data-start=\"1789\" data-end=\"1804\">Hidrataci\u00f3n<\/strong>: karit\u00e9 + D-pantenol<\/p>\n<\/li>\n<li data-start=\"1828\" data-end=\"1889\">\n<p data-start=\"1830\" data-end=\"1889\"><strong data-start=\"1830\" data-end=\"1839\">Graso<\/strong>: tintura de abedul + carb\u00f3n activado + AE lim\u00f3n<\/p>\n<\/li>\n<li data-start=\"1890\" data-end=\"1960\">\n<p data-start=\"1892\" data-end=\"1960\"><strong data-start=\"1892\" data-end=\"1905\">Psoriasis<\/strong>: aceite de ricino + extracto de manzanilla + AE romero<\/p>\n<\/li>\n<\/ul>\n","protected":false},"excerpt":{"rendered":"<p>\ud83d\udc9a Los shampoos s\u00f3lidos son todo lo que est\u00e1 bien: no irritan la piel, no contienen siliconas ni sulfatos agresivos y son ideales para quienes siguen el m\u00e9todo Curly Girl. \u2728 Toda la l\u00ednea est\u00e1 formulada con el equilibrio justo entre un agente limpiador suave, mantecas que suavizan e hidratan, y arcillas que purifican el [&hellip;]<\/p>\n","protected":false},"featured_media":1569,"template":"","meta":[],"product_cat":[18,22],"product_tag":[],"class_list":{"0":"post-1568","1":"product","2":"type-product","3":"status-publish","4":"has-post-thumbnail","6":"product_cat-madera","7":"product_cat-cuidado-personal","9":"first","10":"instock","11":"shipping-taxable","12":"purchasable","13":"product-type-simple"},"_links":{"self":[{"href":"https:\/\/tiendaraices.com.ar\/index.php?rest_route=\/wp\/v2\/product\/1568","targetHints":{"allow":["GET"]}}],"collection":[{"href":"https:\/\/tiendaraices.com.ar\/index.php?rest_route=\/wp\/v2\/product"}],"about":[{"href":"https:\/\/tiendaraices.com.ar\/index.php?rest_route=\/wp\/v2\/types\/product"}],"wp:featuredmedia":[{"embeddable":true,"href":"https:\/\/tiendaraices.com.ar\/index.php?rest_route=\/wp\/v2\/media\/1569"}],"wp:attachment":[{"href":"https:\/\/tiendaraices.com.ar\/index.php?rest_route=%2Fwp%2Fv2%2Fmedia&parent=1568"}],"wp:term":[{"taxonomy":"product_cat","embeddable":true,"href":"https:\/\/tiendaraices.com.ar\/index.php?rest_route=%2Fwp%2Fv2%2Fproduct_cat&post=1568"},{"taxonomy":"product_tag","embeddable":true,"href":"https:\/\/tiendaraices.com.ar\/index.php?rest_route=%2Fwp%2Fv2%2Fproduct_tag&post=1568"}],"curies":[{"name":"wp","href":"https:\/\/api.w.org\/{rel}","templated":true}]}}