{"id":1565,"date":"2025-09-19T19:20:22","date_gmt":"2025-09-19T22:20:22","guid":{"rendered":"https:\/\/tiendaraices.com.ar\/?post_type=product&#038;p=1565"},"modified":"2025-09-30T23:31:54","modified_gmt":"2025-10-01T02:31:54","slug":"manteca-nutritiva-para-el-cuerpo-120gr","status":"publish","type":"product","link":"https:\/\/tiendaraices.com.ar\/?product=manteca-nutritiva-para-el-cuerpo-120gr","title":{"rendered":"Manteca nutritiva para el cuerpo (120gr)"},"content":{"rendered":"<h3 data-start=\"683\" data-end=\"728\">\ud83e\uddf4 <strong data-start=\"690\" data-end=\"726\">Manteca corporal s\u00faper nutritiva<\/strong><\/h3>\n<p data-start=\"729\" data-end=\"920\">Una alternativa m\u00e1s poderosa que la crema hidratante convencional.<br data-start=\"795\" data-end=\"798\" \/>\u2728 Al ser una manteca, necesit\u00e1s <strong data-start=\"830\" data-end=\"848\">menos cantidad<\/strong> y brinda una hidrataci\u00f3n mucho m\u00e1s <strong data-start=\"884\" data-end=\"919\">intensa y duradera (hasta 48hs)<\/strong>.<\/p>\n<p data-start=\"922\" data-end=\"954\">\ud83d\udee1\ufe0f <strong data-start=\"926\" data-end=\"951\">Beneficios destacados<\/strong>:<\/p>\n<ul data-start=\"955\" data-end=\"1068\">\n<li data-start=\"955\" data-end=\"981\">\n<p data-start=\"957\" data-end=\"981\">Nutritiva y humectante<\/p>\n<\/li>\n<li data-start=\"982\" data-end=\"1028\">\n<p data-start=\"984\" data-end=\"1028\">Regeneradora (reduce estr\u00edas y cicatrices)<\/p>\n<\/li>\n<li data-start=\"1029\" data-end=\"1068\">\n<p data-start=\"1031\" data-end=\"1068\">Oclusiva (protege la barrera cut\u00e1nea)<\/p>\n<\/li>\n<\/ul>\n<p data-start=\"1070\" data-end=\"1235\"><strong data-start=\"1070\" data-end=\"1086\">Ingredientes<\/strong>: agua bidestilada, manteca de karit\u00e9, cera lanette, aceite de almendras, glicerina, extracto de hibiscus, cera de abejas, goma xantana, conservante.<\/p>\n","protected":false},"excerpt":{"rendered":"<p>\ud83e\uddf4 Manteca corporal s\u00faper nutritiva Una alternativa m\u00e1s poderosa que la crema hidratante convencional.\u2728 Al ser una manteca, necesit\u00e1s menos cantidad y brinda una hidrataci\u00f3n mucho m\u00e1s intensa y duradera (hasta 48hs). \ud83d\udee1\ufe0f Beneficios destacados: Nutritiva y humectante Regeneradora (reduce estr\u00edas y cicatrices) Oclusiva (protege la barrera cut\u00e1nea) Ingredientes: agua bidestilada, manteca de karit\u00e9, cera [&hellip;]<\/p>\n","protected":false},"featured_media":1567,"template":"","meta":[],"product_cat":[22],"product_tag":[],"class_list":{"0":"post-1565","1":"product","2":"type-product","3":"status-publish","4":"has-post-thumbnail","6":"product_cat-cuidado-personal","8":"first","9":"instock","10":"virtual","11":"purchasable","12":"product-type-simple"},"_links":{"self":[{"href":"https:\/\/tiendaraices.com.ar\/index.php?rest_route=\/wp\/v2\/product\/1565","targetHints":{"allow":["GET"]}}],"collection":[{"href":"https:\/\/tiendaraices.com.ar\/index.php?rest_route=\/wp\/v2\/product"}],"about":[{"href":"https:\/\/tiendaraices.com.ar\/index.php?rest_route=\/wp\/v2\/types\/product"}],"wp:featuredmedia":[{"embeddable":true,"href":"https:\/\/tiendaraices.com.ar\/index.php?rest_route=\/wp\/v2\/media\/1567"}],"wp:attachment":[{"href":"https:\/\/tiendaraices.com.ar\/index.php?rest_route=%2Fwp%2Fv2%2Fmedia&parent=1565"}],"wp:term":[{"taxonomy":"product_cat","embeddable":true,"href":"https:\/\/tiendaraices.com.ar\/index.php?rest_route=%2Fwp%2Fv2%2Fproduct_cat&post=1565"},{"taxonomy":"product_tag","embeddable":true,"href":"https:\/\/tiendaraices.com.ar\/index.php?rest_route=%2Fwp%2Fv2%2Fproduct_tag&post=1565"}],"curies":[{"name":"wp","href":"https:\/\/api.w.org\/{rel}","templated":true}]}}