{"id":1564,"date":"2025-09-19T19:17:19","date_gmt":"2025-09-19T22:17:19","guid":{"rendered":"https:\/\/tiendaraices.com.ar\/?post_type=product&#038;p=1564"},"modified":"2025-09-30T23:31:54","modified_gmt":"2025-10-01T02:31:54","slug":"balsamo-labial-10gr","status":"publish","type":"product","link":"https:\/\/tiendaraices.com.ar\/?product=balsamo-labial-10gr","title":{"rendered":"B\u00e1lsamo labial (10gr)"},"content":{"rendered":"<p data-start=\"3859\" data-end=\"4052\">Gracias a las vitaminas de la <strong data-start=\"3889\" data-end=\"3910\">manteca de karit\u00e9<\/strong>, este b\u00e1lsamo repara labios secos y agrietados, formando una barrera protectora contra el viento y el fr\u00edo.<br data-start=\"4018\" data-end=\"4021\" \/>\ud83d\udca7 Hidrataci\u00f3n pura y duradera.<\/p>\n<p data-start=\"4054\" data-end=\"4127\"><strong data-start=\"4054\" data-end=\"4070\">Ingredientes<\/strong>: manteca de karit\u00e9, aceite de almendras, cera de abejas.<\/p>\n","protected":false},"excerpt":{"rendered":"<p>Gracias a las vitaminas de la manteca de karit\u00e9, este b\u00e1lsamo repara labios secos y agrietados, formando una barrera protectora contra el viento y el fr\u00edo.\ud83d\udca7 Hidrataci\u00f3n pura y duradera. Ingredientes: manteca de karit\u00e9, aceite de almendras, cera de abejas.<\/p>\n","protected":false},"featured_media":1566,"template":"","meta":[],"product_cat":[18,22],"product_tag":[],"class_list":{"0":"post-1564","1":"product","2":"type-product","3":"status-publish","4":"has-post-thumbnail","6":"product_cat-madera","7":"product_cat-cuidado-personal","9":"first","10":"instock","11":"shipping-taxable","12":"purchasable","13":"product-type-simple"},"_links":{"self":[{"href":"https:\/\/tiendaraices.com.ar\/index.php?rest_route=\/wp\/v2\/product\/1564","targetHints":{"allow":["GET"]}}],"collection":[{"href":"https:\/\/tiendaraices.com.ar\/index.php?rest_route=\/wp\/v2\/product"}],"about":[{"href":"https:\/\/tiendaraices.com.ar\/index.php?rest_route=\/wp\/v2\/types\/product"}],"wp:featuredmedia":[{"embeddable":true,"href":"https:\/\/tiendaraices.com.ar\/index.php?rest_route=\/wp\/v2\/media\/1566"}],"wp:attachment":[{"href":"https:\/\/tiendaraices.com.ar\/index.php?rest_route=%2Fwp%2Fv2%2Fmedia&parent=1564"}],"wp:term":[{"taxonomy":"product_cat","embeddable":true,"href":"https:\/\/tiendaraices.com.ar\/index.php?rest_route=%2Fwp%2Fv2%2Fproduct_cat&post=1564"},{"taxonomy":"product_tag","embeddable":true,"href":"https:\/\/tiendaraices.com.ar\/index.php?rest_route=%2Fwp%2Fv2%2Fproduct_tag&post=1564"}],"curies":[{"name":"wp","href":"https:\/\/api.w.org\/{rel}","templated":true}]}}