{"id":1562,"date":"2025-09-19T19:16:10","date_gmt":"2025-09-19T22:16:10","guid":{"rendered":"https:\/\/tiendaraices.com.ar\/?post_type=product&#038;p=1562"},"modified":"2025-09-30T23:31:54","modified_gmt":"2025-10-01T02:31:54","slug":"agua-micelar-bifasica-125cc","status":"publish","type":"product","link":"https:\/\/tiendaraices.com.ar\/?product=agua-micelar-bifasica-125cc","title":{"rendered":"Agua micelar bif\u00e1sica 125cc"},"content":{"rendered":"<p data-start=\"2691\" data-end=\"2886\">Una excelente opci\u00f3n para la <strong data-start=\"2720\" data-end=\"2749\">rutina de limpieza facial<\/strong>.<br data-start=\"2750\" data-end=\"2753\" \/>\ud83e\uddfc Las micelas (beta\u00edna) eliminan la grasa e impurezas<br data-start=\"2807\" data-end=\"2810\" \/>\ud83d\udca6 La glicerina hidrata<br data-start=\"2833\" data-end=\"2836\" \/>\ud83c\udf3a El extracto de hibiscus act\u00faa como antioxidante<\/p>\n<p>El agua micelar tambi\u00e9n puede ser bif\u00e1sica dependiendo del uso que le des, la bif\u00e1sica se utiliza para quitar maquillaje a prueba de agua o de larga duraci\u00f3n, limpiar profundamente ojos, labios y rostro.<\/p>\n<p data-start=\"2998\" data-end=\"3206\"><strong data-start=\"2998\" data-end=\"3014\">Agua micelar<\/strong>: agua bidestilada, glicerina, extracto de hibiscus, beta\u00edna, conservante.<br data-start=\"3088\" data-end=\"3091\" \/><strong data-start=\"3091\" data-end=\"3103\">Bif\u00e1sica<\/strong>: agua bidestilada, aceite de almendras, glicerina, extracto de hibiscus, beta\u00edna de coco, conservante.<\/p>\n","protected":false},"excerpt":{"rendered":"<p>Una excelente opci\u00f3n para la rutina de limpieza facial.\ud83e\uddfc Las micelas (beta\u00edna) eliminan la grasa e impurezas\ud83d\udca6 La glicerina hidrata\ud83c\udf3a El extracto de hibiscus act\u00faa como antioxidante El agua micelar tambi\u00e9n puede ser bif\u00e1sica dependiendo del uso que le des, la bif\u00e1sica se utiliza para quitar maquillaje a prueba de agua o de larga duraci\u00f3n, [&hellip;]<\/p>\n","protected":false},"featured_media":1563,"template":"","meta":[],"product_cat":[18,22],"product_tag":[],"class_list":{"0":"post-1562","1":"product","2":"type-product","3":"status-publish","4":"has-post-thumbnail","6":"product_cat-madera","7":"product_cat-cuidado-personal","9":"first","10":"instock","11":"shipping-taxable","12":"purchasable","13":"product-type-simple"},"_links":{"self":[{"href":"https:\/\/tiendaraices.com.ar\/index.php?rest_route=\/wp\/v2\/product\/1562","targetHints":{"allow":["GET"]}}],"collection":[{"href":"https:\/\/tiendaraices.com.ar\/index.php?rest_route=\/wp\/v2\/product"}],"about":[{"href":"https:\/\/tiendaraices.com.ar\/index.php?rest_route=\/wp\/v2\/types\/product"}],"wp:featuredmedia":[{"embeddable":true,"href":"https:\/\/tiendaraices.com.ar\/index.php?rest_route=\/wp\/v2\/media\/1563"}],"wp:attachment":[{"href":"https:\/\/tiendaraices.com.ar\/index.php?rest_route=%2Fwp%2Fv2%2Fmedia&parent=1562"}],"wp:term":[{"taxonomy":"product_cat","embeddable":true,"href":"https:\/\/tiendaraices.com.ar\/index.php?rest_route=%2Fwp%2Fv2%2Fproduct_cat&post=1562"},{"taxonomy":"product_tag","embeddable":true,"href":"https:\/\/tiendaraices.com.ar\/index.php?rest_route=%2Fwp%2Fv2%2Fproduct_tag&post=1562"}],"curies":[{"name":"wp","href":"https:\/\/api.w.org\/{rel}","templated":true}]}}