{"id":1560,"date":"2025-09-19T19:05:23","date_gmt":"2025-09-19T22:05:23","guid":{"rendered":"https:\/\/tiendaraices.com.ar\/?post_type=product&#038;p=1560"},"modified":"2025-09-30T23:31:55","modified_gmt":"2025-10-01T02:31:55","slug":"crema-para-peinar-rulos-150gr","status":"publish","type":"product","link":"https:\/\/tiendaraices.com.ar\/?product=crema-para-peinar-rulos-150gr","title":{"rendered":"Crema para peinar rulos (150gr)"},"content":{"rendered":"<h4 data-start=\"4134\" data-end=\"4178\">\u27bf <strong data-start=\"4140\" data-end=\"4176\">Crema para peinar rulos rebeldes<\/strong><\/h4>\n<p data-start=\"4179\" data-end=\"4389\">Dise\u00f1ada para domar rizos dif\u00edciles y controlar el frizz.<br data-start=\"4236\" data-end=\"4239\" \/>El cabello rizado suele ser m\u00e1s seco, por eso esta crema est\u00e1 hecha con <strong data-start=\"4311\" data-end=\"4332\">manteca de karit\u00e9<\/strong>, que lo hidrata profundamente y lo vuelve m\u00e1s manejable.<\/p>\n<p data-start=\"4391\" data-end=\"4486\"><strong data-start=\"4391\" data-end=\"4407\">Ingredientes<\/strong>: agua bidestilada, BTMS, manteca de karit\u00e9, extracto de hibiscus, conservante.<\/p>\n","protected":false},"excerpt":{"rendered":"<p>\u27bf Crema para peinar rulos rebeldes Dise\u00f1ada para domar rizos dif\u00edciles y controlar el frizz.El cabello rizado suele ser m\u00e1s seco, por eso esta crema est\u00e1 hecha con manteca de karit\u00e9, que lo hidrata profundamente y lo vuelve m\u00e1s manejable. Ingredientes: agua bidestilada, BTMS, manteca de karit\u00e9, extracto de hibiscus, conservante.<\/p>\n","protected":false},"featured_media":1561,"template":"","meta":[],"product_cat":[18,22],"product_tag":[],"class_list":{"0":"post-1560","1":"product","2":"type-product","3":"status-publish","4":"has-post-thumbnail","6":"product_cat-madera","7":"product_cat-cuidado-personal","9":"first","10":"instock","11":"shipping-taxable","12":"purchasable","13":"product-type-simple"},"_links":{"self":[{"href":"https:\/\/tiendaraices.com.ar\/index.php?rest_route=\/wp\/v2\/product\/1560","targetHints":{"allow":["GET"]}}],"collection":[{"href":"https:\/\/tiendaraices.com.ar\/index.php?rest_route=\/wp\/v2\/product"}],"about":[{"href":"https:\/\/tiendaraices.com.ar\/index.php?rest_route=\/wp\/v2\/types\/product"}],"wp:featuredmedia":[{"embeddable":true,"href":"https:\/\/tiendaraices.com.ar\/index.php?rest_route=\/wp\/v2\/media\/1561"}],"wp:attachment":[{"href":"https:\/\/tiendaraices.com.ar\/index.php?rest_route=%2Fwp%2Fv2%2Fmedia&parent=1560"}],"wp:term":[{"taxonomy":"product_cat","embeddable":true,"href":"https:\/\/tiendaraices.com.ar\/index.php?rest_route=%2Fwp%2Fv2%2Fproduct_cat&post=1560"},{"taxonomy":"product_tag","embeddable":true,"href":"https:\/\/tiendaraices.com.ar\/index.php?rest_route=%2Fwp%2Fv2%2Fproduct_tag&post=1560"}],"curies":[{"name":"wp","href":"https:\/\/api.w.org\/{rel}","templated":true}]}}