{"id":1501,"date":"2024-10-19T18:55:14","date_gmt":"2024-10-19T21:55:14","guid":{"rendered":"https:\/\/tiendaraices.com.ar\/?post_type=product&#038;p=1501"},"modified":"2026-03-05T18:29:40","modified_gmt":"2026-03-05T21:29:40","slug":"metalofono","status":"publish","type":"product","link":"https:\/\/tiendaraices.com.ar\/?product=metalofono","title":{"rendered":"Metal\u00f3fono Diat\u00f3nico"},"content":{"rendered":"<p>Tocar un metal\u00f3fono es ideal para ni\u00f1os y ni\u00f1as de primer y segundo septenio.<\/p>\n<p>Se compone de sonidos suaves y delicados, muy adecuados para su momento evolutivo.<br \/>\nLa vivencia de los sonidos, propicia el desarrollo de habilidades musicales, permitiendo adquirir una mayor sensibilidad musical y auditiva. La expresi\u00f3n musical, permite comunicar emociones e ideas, siendo de esta manera, una fuente de satisfacci\u00f3n personal y creativa.<\/p>\n<p>La simpat\u00eda por tocar un instrumento y conectar con los sonidos nutre la voluntad de ni\u00f1os y ni\u00f1as, intensificando lo imaginativo, una de la cualidades mas sutiles de la mente humana.<\/p>\n<p>Nos brinda relajaci\u00f3n y bienestar, creando un espacio de calma, concentraci\u00f3n y belleza sonora.<\/p>\n","protected":false},"excerpt":{"rendered":"<p>Metal\u00f3fono 7 notas, 8 barras<\/p>\n<p>Incluye dos baquetas de madera<\/p>\n<p>&nbsp;<\/p>\n<p>&nbsp;<\/p>\n<p>&nbsp;<\/p>\n","protected":false},"featured_media":1496,"template":"","meta":[],"product_cat":[27],"product_tag":[],"class_list":{"0":"post-1501","1":"product","2":"type-product","3":"status-publish","4":"has-post-thumbnail","6":"product_cat-musica","8":"first","9":"outofstock","10":"shipping-taxable","11":"purchasable","12":"product-type-simple"},"_links":{"self":[{"href":"https:\/\/tiendaraices.com.ar\/index.php?rest_route=\/wp\/v2\/product\/1501","targetHints":{"allow":["GET"]}}],"collection":[{"href":"https:\/\/tiendaraices.com.ar\/index.php?rest_route=\/wp\/v2\/product"}],"about":[{"href":"https:\/\/tiendaraices.com.ar\/index.php?rest_route=\/wp\/v2\/types\/product"}],"wp:featuredmedia":[{"embeddable":true,"href":"https:\/\/tiendaraices.com.ar\/index.php?rest_route=\/wp\/v2\/media\/1496"}],"wp:attachment":[{"href":"https:\/\/tiendaraices.com.ar\/index.php?rest_route=%2Fwp%2Fv2%2Fmedia&parent=1501"}],"wp:term":[{"taxonomy":"product_cat","embeddable":true,"href":"https:\/\/tiendaraices.com.ar\/index.php?rest_route=%2Fwp%2Fv2%2Fproduct_cat&post=1501"},{"taxonomy":"product_tag","embeddable":true,"href":"https:\/\/tiendaraices.com.ar\/index.php?rest_route=%2Fwp%2Fv2%2Fproduct_tag&post=1501"}],"curies":[{"name":"wp","href":"https:\/\/api.w.org\/{rel}","templated":true}]}}