{"id":1440,"date":"2024-05-27T11:36:41","date_gmt":"2024-05-27T14:36:41","guid":{"rendered":"https:\/\/tiendaraices.com.ar\/?post_type=product&#038;p=1440"},"modified":"2026-03-05T18:29:49","modified_gmt":"2026-03-05T21:29:49","slug":"juego-pesca-flores-imantado","status":"publish","type":"product","link":"https:\/\/tiendaraices.com.ar\/?product=juego-pesca-flores-imantado","title":{"rendered":"Juego Pesca Flores Imantado"},"content":{"rendered":"<p>Realizado en madera pintada con pinturas al agua no t\u00f3xicas, incluye 2 ca\u00f1as con un colibr\u00ed de madera con im\u00e1n cada ca\u00f1a y 7 flores de madera con im\u00e1n. Los colibr\u00edes miden 7,5 x 4,5 cm y las flores 7 x 7 cm aproximadamente. Presentado en caja de 15 x 10 x 10 cm.<br \/>\nRecomendado para ni\u00f1os a partir de 3 a\u00f1os.<\/p>\n<p>Favorece la motricidad fina y concentraci\u00f3n.<\/p>\n","protected":false},"excerpt":{"rendered":"<p>Realizado en madera pintada con pinturas al agua no t\u00f3xicas, incluye 2 ca\u00f1as con un colibr\u00ed de madera con im\u00e1n cada ca\u00f1a y 7 flores de madera con im\u00e1n. Los colibr\u00edes miden 7,5 x 4,5 cm y las flores 7 x 7 cm aproximadamente. Presentado en caja de 15 x 10 x 10 cm. Recomendado [&hellip;]<\/p>\n","protected":false},"featured_media":1441,"template":"","meta":[],"product_cat":[18],"product_tag":[],"class_list":{"0":"post-1440","1":"product","2":"type-product","3":"status-publish","4":"has-post-thumbnail","6":"product_cat-madera","8":"first","9":"outofstock","10":"shipping-taxable","11":"purchasable","12":"product-type-simple"},"_links":{"self":[{"href":"https:\/\/tiendaraices.com.ar\/index.php?rest_route=\/wp\/v2\/product\/1440","targetHints":{"allow":["GET"]}}],"collection":[{"href":"https:\/\/tiendaraices.com.ar\/index.php?rest_route=\/wp\/v2\/product"}],"about":[{"href":"https:\/\/tiendaraices.com.ar\/index.php?rest_route=\/wp\/v2\/types\/product"}],"wp:featuredmedia":[{"embeddable":true,"href":"https:\/\/tiendaraices.com.ar\/index.php?rest_route=\/wp\/v2\/media\/1441"}],"wp:attachment":[{"href":"https:\/\/tiendaraices.com.ar\/index.php?rest_route=%2Fwp%2Fv2%2Fmedia&parent=1440"}],"wp:term":[{"taxonomy":"product_cat","embeddable":true,"href":"https:\/\/tiendaraices.com.ar\/index.php?rest_route=%2Fwp%2Fv2%2Fproduct_cat&post=1440"},{"taxonomy":"product_tag","embeddable":true,"href":"https:\/\/tiendaraices.com.ar\/index.php?rest_route=%2Fwp%2Fv2%2Fproduct_tag&post=1440"}],"curies":[{"name":"wp","href":"https:\/\/api.w.org\/{rel}","templated":true}]}}