{"id":144,"date":"2020-07-17T12:22:20","date_gmt":"2020-07-17T15:22:20","guid":{"rendered":"https:\/\/tiendaraices.com.ar\/?post_type=product&#038;p=144"},"modified":"2024-04-22T10:11:31","modified_gmt":"2024-04-22T13:11:31","slug":"pizarra-doble","status":"publish","type":"product","link":"https:\/\/tiendaraices.com.ar\/?product=pizarra-doble","title":{"rendered":"Pizarra doble"},"content":{"rendered":"","protected":false},"excerpt":{"rendered":"<p>El mundo a trav\u00e9s de las im\u00e1genes y los colores puede expresarse en esta pizarra. Desarrollan la creatividad, imaginaci\u00f3n y la motricidad fina.<\/p>\n","protected":false},"featured_media":133,"template":"","meta":[],"product_cat":[23],"product_tag":[],"class_list":{"0":"post-144","1":"product","2":"type-product","3":"status-publish","4":"has-post-thumbnail","6":"product_cat-arte","8":"first","9":"outofstock","10":"sold-individually","11":"shipping-taxable","12":"purchasable","13":"product-type-simple"},"_links":{"self":[{"href":"https:\/\/tiendaraices.com.ar\/index.php?rest_route=\/wp\/v2\/product\/144","targetHints":{"allow":["GET"]}}],"collection":[{"href":"https:\/\/tiendaraices.com.ar\/index.php?rest_route=\/wp\/v2\/product"}],"about":[{"href":"https:\/\/tiendaraices.com.ar\/index.php?rest_route=\/wp\/v2\/types\/product"}],"wp:featuredmedia":[{"embeddable":true,"href":"https:\/\/tiendaraices.com.ar\/index.php?rest_route=\/wp\/v2\/media\/133"}],"wp:attachment":[{"href":"https:\/\/tiendaraices.com.ar\/index.php?rest_route=%2Fwp%2Fv2%2Fmedia&parent=144"}],"wp:term":[{"taxonomy":"product_cat","embeddable":true,"href":"https:\/\/tiendaraices.com.ar\/index.php?rest_route=%2Fwp%2Fv2%2Fproduct_cat&post=144"},{"taxonomy":"product_tag","embeddable":true,"href":"https:\/\/tiendaraices.com.ar\/index.php?rest_route=%2Fwp%2Fv2%2Fproduct_tag&post=144"}],"curies":[{"name":"wp","href":"https:\/\/api.w.org\/{rel}","templated":true}]}}