{"id":1265,"date":"2023-08-03T17:48:23","date_gmt":"2023-08-03T20:48:23","guid":{"rendered":"https:\/\/tiendaraices.com.ar\/?post_type=product&#038;p=1265"},"modified":"2024-04-22T10:11:23","modified_gmt":"2024-04-22T13:11:23","slug":"circulo-goethe","status":"publish","type":"product","link":"https:\/\/tiendaraices.com.ar\/?product=circulo-goethe","title":{"rendered":"Circulo Goethe"},"content":{"rendered":"<p>El c\u00edrculo Goethe es un rompecabezas de madera inspirado en el c\u00edrculo crom\u00e1tico de Goethe. Permite aprovechar el aprendizaje propio de los rompecabezas y estimular a la vez la imaginaci\u00f3n y la creatividad. Es posible crear figuras, animales, mandalas.<\/p>\n<p>Estimula los sentidos a traves del tacto y la percepci\u00f3n de los colores, beneficiando tambi\u00e9n la motricidad fina.<\/p>\n<p>24 piezas, base redonda de guardado.<\/p>\n","protected":false},"excerpt":{"rendered":"<p>El c\u00edrculo Goethe es un rompecabezas de madera inspirado en el c\u00edrculo crom\u00e1tico de Goethe. Permite aprovechar el aprendizaje propio de los rompecabezas y estimular a la vez la imaginaci\u00f3n y la creatividad. Es posible crear figuras, animales, mandalas. Estimula los sentidos a traves del tacto y la percepci\u00f3n de los colores, beneficiando tambi\u00e9n la [&hellip;]<\/p>\n","protected":false},"featured_media":1266,"template":"","meta":[],"product_cat":[18],"product_tag":[],"class_list":{"0":"post-1265","1":"product","2":"type-product","3":"status-publish","4":"has-post-thumbnail","6":"product_cat-madera","8":"first","9":"outofstock","10":"shipping-taxable","11":"purchasable","12":"product-type-simple"},"_links":{"self":[{"href":"https:\/\/tiendaraices.com.ar\/index.php?rest_route=\/wp\/v2\/product\/1265","targetHints":{"allow":["GET"]}}],"collection":[{"href":"https:\/\/tiendaraices.com.ar\/index.php?rest_route=\/wp\/v2\/product"}],"about":[{"href":"https:\/\/tiendaraices.com.ar\/index.php?rest_route=\/wp\/v2\/types\/product"}],"wp:featuredmedia":[{"embeddable":true,"href":"https:\/\/tiendaraices.com.ar\/index.php?rest_route=\/wp\/v2\/media\/1266"}],"wp:attachment":[{"href":"https:\/\/tiendaraices.com.ar\/index.php?rest_route=%2Fwp%2Fv2%2Fmedia&parent=1265"}],"wp:term":[{"taxonomy":"product_cat","embeddable":true,"href":"https:\/\/tiendaraices.com.ar\/index.php?rest_route=%2Fwp%2Fv2%2Fproduct_cat&post=1265"},{"taxonomy":"product_tag","embeddable":true,"href":"https:\/\/tiendaraices.com.ar\/index.php?rest_route=%2Fwp%2Fv2%2Fproduct_tag&post=1265"}],"curies":[{"name":"wp","href":"https:\/\/api.w.org\/{rel}","templated":true}]}}