{"id":1098,"date":"2022-12-01T09:46:20","date_gmt":"2022-12-01T12:46:20","guid":{"rendered":"https:\/\/tiendaraices.com.ar\/?post_type=product&#038;p=1098"},"modified":"2024-12-01T16:18:28","modified_gmt":"2024-12-01T19:18:28","slug":"anafe-madera","status":"publish","type":"product","link":"https:\/\/tiendaraices.com.ar\/?product=anafe-madera","title":{"rendered":"Anafe madera"},"content":{"rendered":"","protected":false},"excerpt":{"rendered":"<p>Las tareas dom\u00e9sticas, como cocinar, colaboran con la imitaci\u00f3n que los ni\u00f1os\/as necesitan para su desarrollo<br \/>\nEllos\/as replican el hacer y el sentir del adulto que desempe\u00f1a esas tareas&#8230;<br \/>\nCocinemos con alegr\u00eda, disfrutemos los procesos y practiquemos la gratitud!<br \/>\nNo incluye accesorios<\/p>\n","protected":false},"featured_media":1099,"template":"","meta":[],"product_cat":[18],"product_tag":[],"class_list":{"0":"post-1098","1":"product","2":"type-product","3":"status-publish","4":"has-post-thumbnail","6":"product_cat-madera","8":"first","9":"outofstock","10":"sold-individually","11":"shipping-taxable","12":"purchasable","13":"product-type-simple"},"_links":{"self":[{"href":"https:\/\/tiendaraices.com.ar\/index.php?rest_route=\/wp\/v2\/product\/1098","targetHints":{"allow":["GET"]}}],"collection":[{"href":"https:\/\/tiendaraices.com.ar\/index.php?rest_route=\/wp\/v2\/product"}],"about":[{"href":"https:\/\/tiendaraices.com.ar\/index.php?rest_route=\/wp\/v2\/types\/product"}],"wp:featuredmedia":[{"embeddable":true,"href":"https:\/\/tiendaraices.com.ar\/index.php?rest_route=\/wp\/v2\/media\/1099"}],"wp:attachment":[{"href":"https:\/\/tiendaraices.com.ar\/index.php?rest_route=%2Fwp%2Fv2%2Fmedia&parent=1098"}],"wp:term":[{"taxonomy":"product_cat","embeddable":true,"href":"https:\/\/tiendaraices.com.ar\/index.php?rest_route=%2Fwp%2Fv2%2Fproduct_cat&post=1098"},{"taxonomy":"product_tag","embeddable":true,"href":"https:\/\/tiendaraices.com.ar\/index.php?rest_route=%2Fwp%2Fv2%2Fproduct_tag&post=1098"}],"curies":[{"name":"wp","href":"https:\/\/api.w.org\/{rel}","templated":true}]}}