{"id":1054,"date":"2022-09-21T14:00:16","date_gmt":"2022-09-21T17:00:16","guid":{"rendered":"https:\/\/tiendaraices.com.ar\/?post_type=product&#038;p=1054"},"modified":"2024-04-22T10:11:24","modified_gmt":"2024-04-22T13:11:24","slug":"tizas-triangulares-grandes","status":"publish","type":"product","link":"https:\/\/tiendaraices.com.ar\/?product=tizas-triangulares-grandes","title":{"rendered":"Tizas triangulares grandes"},"content":{"rendered":"","protected":false},"excerpt":{"rendered":"<p>TIZAS TRIANGULARES GRANDES<br \/>\n(Pack x 8)<\/p>\n<p>Estas Tizas Triangulares Grandes son ideales para aventuras art\u00edsticas en interiores y exteriores. Se pueden usar no s\u00f3lo en pizarrones y paredes sino tambi\u00e9n en calles y veredas. Su forma triangular las hace f\u00e1ciles de agarrar y evita que rueden.<br \/>\nCada Set incluye 8 Tizas de divertidos colores que son resistentes a los golpes y ca\u00eddas. Se lavan f\u00e1cilmente con agua.<\/p>\n<p>Caracter\u00edsticas Principales:<\/p>\n<p>&#8211; 8 Colores diferentes: Blanco, Rojo, Naranja, Amarillo, Celeste, Verde y Azul.<br \/>\n&#8211; F\u00e1ciles de agarrar<br \/>\n&#8211; No ruedan<br \/>\n&#8211; Resistentes a los golpes<br \/>\n&#8211; Lavables<br \/>\n&#8211; No T\u00f3xicas<br \/>\n&#8211; Medidas de las tizas: 10 cm x 2.5 cm aproximadamente.<\/p>\n","protected":false},"featured_media":1055,"template":"","meta":[],"product_cat":[23,30],"product_tag":[],"class_list":{"0":"post-1054","1":"product","2":"type-product","3":"status-publish","4":"has-post-thumbnail","6":"product_cat-arte","7":"product_cat-varios","9":"first","10":"outofstock","11":"sold-individually","12":"shipping-taxable","13":"purchasable","14":"product-type-simple"},"_links":{"self":[{"href":"https:\/\/tiendaraices.com.ar\/index.php?rest_route=\/wp\/v2\/product\/1054","targetHints":{"allow":["GET"]}}],"collection":[{"href":"https:\/\/tiendaraices.com.ar\/index.php?rest_route=\/wp\/v2\/product"}],"about":[{"href":"https:\/\/tiendaraices.com.ar\/index.php?rest_route=\/wp\/v2\/types\/product"}],"wp:featuredmedia":[{"embeddable":true,"href":"https:\/\/tiendaraices.com.ar\/index.php?rest_route=\/wp\/v2\/media\/1055"}],"wp:attachment":[{"href":"https:\/\/tiendaraices.com.ar\/index.php?rest_route=%2Fwp%2Fv2%2Fmedia&parent=1054"}],"wp:term":[{"taxonomy":"product_cat","embeddable":true,"href":"https:\/\/tiendaraices.com.ar\/index.php?rest_route=%2Fwp%2Fv2%2Fproduct_cat&post=1054"},{"taxonomy":"product_tag","embeddable":true,"href":"https:\/\/tiendaraices.com.ar\/index.php?rest_route=%2Fwp%2Fv2%2Fproduct_tag&post=1054"}],"curies":[{"name":"wp","href":"https:\/\/api.w.org\/{rel}","templated":true}]}}