{"id":1051,"date":"2022-09-20T17:45:34","date_gmt":"2022-09-20T20:45:34","guid":{"rendered":"https:\/\/tiendaraices.com.ar\/?post_type=product&#038;p=1051"},"modified":"2026-03-05T19:02:01","modified_gmt":"2026-03-05T22:02:01","slug":"escalera-color-madera-natural","status":"publish","type":"product","link":"https:\/\/tiendaraices.com.ar\/?product=escalera-color-madera-natural","title":{"rendered":"Escalera colores madera"},"content":{"rendered":"","protected":false},"excerpt":{"rendered":"<p>Escalera marinera de 6 pelda\u00f1os<br \/>\nAltura total (aprox.) 170 cm. Soga de polipropileno. Soporta hasta 100 kg.<br \/>\nUna escalera para ni\u00f1os y ni\u00f1as, contribuyendo al desarrollo motriz y creativo. Pueden hamacarse, subir y bajar con total seguridad.<br \/>\nRealizado en excelente madera natural que garantizan durabilidad en la intemperie.<br \/>\nSu dise\u00f1o ayuda a recrear distintas actividades l\u00fadicas.<br \/>\nGracias a su soga de 12mm en forma de ojal con guardacabo de acero en sus extremos superiores, nuestra escalera marinera es muy resistente y anula los riesgos de desgaste por fricci\u00f3n al hamacarse. Sus estribos en cada extremo inferior est\u00e1n dise\u00f1ados para dar firmeza al suelo por medio de estacas.<\/p>\n","protected":false},"featured_media":1052,"template":"","meta":[],"product_cat":[18],"product_tag":[],"class_list":{"0":"post-1051","1":"product","2":"type-product","3":"status-publish","4":"has-post-thumbnail","6":"product_cat-madera","8":"first","9":"instock","10":"sale","11":"sold-individually","12":"shipping-taxable","13":"purchasable","14":"product-type-simple"},"_links":{"self":[{"href":"https:\/\/tiendaraices.com.ar\/index.php?rest_route=\/wp\/v2\/product\/1051","targetHints":{"allow":["GET"]}}],"collection":[{"href":"https:\/\/tiendaraices.com.ar\/index.php?rest_route=\/wp\/v2\/product"}],"about":[{"href":"https:\/\/tiendaraices.com.ar\/index.php?rest_route=\/wp\/v2\/types\/product"}],"wp:featuredmedia":[{"embeddable":true,"href":"https:\/\/tiendaraices.com.ar\/index.php?rest_route=\/wp\/v2\/media\/1052"}],"wp:attachment":[{"href":"https:\/\/tiendaraices.com.ar\/index.php?rest_route=%2Fwp%2Fv2%2Fmedia&parent=1051"}],"wp:term":[{"taxonomy":"product_cat","embeddable":true,"href":"https:\/\/tiendaraices.com.ar\/index.php?rest_route=%2Fwp%2Fv2%2Fproduct_cat&post=1051"},{"taxonomy":"product_tag","embeddable":true,"href":"https:\/\/tiendaraices.com.ar\/index.php?rest_route=%2Fwp%2Fv2%2Fproduct_tag&post=1051"}],"curies":[{"name":"wp","href":"https:\/\/api.w.org\/{rel}","templated":true}]}}